{"id":1392,"date":"2025-11-14T13:12:28","date_gmt":"2025-11-14T12:12:28","guid":{"rendered":"https:\/\/fizioterapija-izola.click.si\/?page_id=1392"},"modified":"2025-11-14T13:20:12","modified_gmt":"2025-11-14T12:20:12","slug":"splosni-pogoji","status":"publish","type":"page","link":"https:\/\/fizioterapija-izola.click.si\/it\/splosni-pogoji\/","title":{"rendered":"Termini e condizioni generali"},"content":{"rendered":"<div data-elementor-type=\"wp-page\" data-elementor-id=\"1392\" class=\"elementor elementor-1392\" data-elementor-post-type=\"page\">\n\t\t\t\t<div class=\"elementor-element elementor-element-f86fc8a e-flex e-con-boxed e-con e-parent\" data-id=\"f86fc8a\" data-element_type=\"container\">\n\t\t\t\t\t<div class=\"e-con-inner\">\n\t\t\t\t<div class=\"elementor-element elementor-element-679f3f6 elementor-widget elementor-widget-text-editor\" data-id=\"679f3f6\" data-element_type=\"widget\" data-widget_type=\"text-editor.default\">\n\t\t\t\t\t\t\t\t\t<p id=\"block-12dec997-8b3c-4c55-9a58-0ee61bb64c2c\">Le presenti Condizioni Generali di Utilizzo del Sito Web (&quot;Condizioni Generali&quot;) regolano il rapporto tra te e FIZIO A doo, con sede legale e commerciale in Kajuhova ulica 38, 6310 Izola, in relazione all&#039;utilizzo del sito web fizioterapija-izola.si e di qualsiasi sottopagina di questo sito web (&quot;Sito Web&quot;).<\/p><p id=\"block-977609d2-56e1-4a8b-8eb8-eef31c34b168\">Oltre alle Condizioni Generali d&#039;Uso del sito web, ti invitiamo a leggere anche l&#039;Informativa sulla Privacy, che definisce le modalit\u00e0 di raccolta e utilizzo dei tuoi dati, e l&#039;Informativa sui Cookie, che illustra quali cookie raccogliamo e per quali scopi.<\/p><p id=\"block-6c697770-2a1b-47b3-9c51-35b2e2c9d9d6\">ACCEDENDO E UTILIZZANDO IL SITO WEB, L&#039;UTENTE ACCETTA I PRESENTI TERMINI DI UTILIZZO, CHE SARANNO VINCOLANTI OGNI VOLTA CHE UTILIZZA IL SITO WEB. SE NON SI ACCETTANO I PRESENTI TERMINI DI UTILIZZO, NON ACCEDERE O UTILIZZARE IL SITO WEB.<\/p><p id=\"block-a2a8815a-f44e-48e4-b7df-1268d13d80ef\">FIZIO A \u00e8 solo un servizio di intermediazione tra te, in qualit\u00e0 di utente (&quot;tu&quot;, &quot;tuo&quot;, &quot;utente&quot;) e un operatore sanitario o fornitore di servizi, e pertanto non deve essere considerato un operatore sanitario. Il contratto tra te e FIZIO A doo \u00e8 quindi strettamente un contratto di servizio relativo alla fornitura di una soluzione tecnica. FIZIO A doo non \u00e8 pertanto responsabile del tipo o della qualit\u00e0 della consulenza o di altri servizi sanitari forniti durante la videoconferenza.<\/p><h3 id=\"block-81aaf5a5-c6f2-4259-a04c-ae4f566f13bf\"><strong>\u00a0<\/strong><\/h3><h3 id=\"block-81aaf5a5-c6f2-4259-a04c-ae4f566f13bf\"><strong>1. Contenuto del sito web<\/strong><\/h3><p id=\"block-cefa8867-7459-491e-bc3c-67e48a017b39\">Lo scopo del Sito Web \u00e8 fornire informazioni su e in relazione a FIZIO A e ai servizi forniti da FIZIO A. Tutti i contenuti pubblicati sul Sito Web e la fornitura di consulenza hanno solo scopo informativo e non costituiscono consulenza e\/o pratica medica.<\/p><p id=\"block-2a5533c1-8573-4bcb-9bca-7f4278d6c9b8\">Nonostante l&#039;attenzione prestata per garantire la correttezza, l&#039;attualit\u00e0 e l&#039;integrit\u00e0 dei contenuti del Sito Web, non \u00e8 possibile evitare occasionali irregolarit\u00e0, obsolescenza o carenze nelle informazioni pubblicate sul Sito Web. FIZIO A non si assume alcuna responsabilit\u00e0 per danni causati dalla pubblicazione o dall&#039;utilizzo di informazioni errate, obsolete o carenti. FIZIO A non garantisce il funzionamento e l&#039;accesso ininterrotti al Sito Web e non si assume alcuna responsabilit\u00e0 per danni causati da un funzionamento compromesso o dall&#039;impossibilit\u00e0 di accedere al Sito Web. Le informazioni pubblicate sul Sito Web hanno solo scopo informativo. FIZIO A non si assume alcuna responsabilit\u00e0 per la completezza, la correttezza dei contenuti e l&#039;attualit\u00e0 di tali informazioni.<\/p><p id=\"block-ae2c4dd1-7d0f-450c-ab40-892cd9ef5748\">Al fine di mantenere il contenuto del Sito Web il pi\u00f9 aggiornato possibile, FIZIO A si riserva il diritto di modificare e\/o aggiornare il contenuto del Sito Web in qualsiasi momento. FIZIO A si riserva inoltre il diritto di rimuovere completamente il Sito Web da Internet in qualsiasi momento e\/o di disabilitarne l&#039;utilizzo per tutti gli utenti.<\/p><p id=\"block-d10d4c61-d684-464c-ac93-21ffe3ea025e\">I contenuti pubblicati da FIZIO A sul Sito Web e sotto forma di consulenza tramite il Sito Web sono da considerarsi un&#039;integrazione al parere medico di un medico e non intendono sostituire la valutazione, la diagnosi o il trattamento di alcuna malattia o condizione da parte di un medico. L&#039;utilizzo del Sito Web e dei Servizi \u00e8 solo un sostituto dell&#039;assistenza sanitaria tradizionale ed \u00e8 inteso come strumento aggiuntivo per i medici per fornire un&#039;assistenza sanitaria efficace ai pazienti. FIZIO A non si assume alcuna responsabilit\u00e0 in qualit\u00e0 di fornitore di servizi sanitari sotto alcun aspetto.<\/p><p id=\"block-d3f9268b-bc24-4dea-97cc-06a5e48fdd24\">Se, sulla base delle informazioni ricevute dall&#039;utente, un medico, un operatore sanitario o un partner valuta che potrebbe sussistere un pericolo immediato per la vita o la necessit\u00e0 di assistenza medica d&#039;urgenza, indirizzer\u00e0 l&#039;utente al servizio sanitario competente o al numero di telefono 112. In tal caso, l&#039;utente \u00e8 interamente responsabile dell&#039;adozione delle misure appropriate. L&#039;operatore sanitario \u00e8 interamente responsabile della professionalit\u00e0 e della qualit\u00e0 della consulenza fornita all&#039;utente. La consulenza e i servizi si basano sulla domanda posta dall&#039;utente e sulle informazioni sui sintomi che l&#039;utente fornisce in relazione al problema. La consulenza fornita in questo modo non costituisce una diagnosi o un parere e un&#039;attivit\u00e0 medica.<\/p><h3 id=\"block-31b09535-4e3a-4238-80b5-1502aaa19501\"><strong>\u00a0<\/strong><\/h3><h3 id=\"block-31b09535-4e3a-4238-80b5-1502aaa19501\"><strong>2. Accesso e utilizzo del Sito Web<\/strong><\/h3><p id=\"block-794831ae-cf21-42c8-bf5a-331729c73b2a\">L&#039;accesso e l&#039;utilizzo del Sito Web sono consentiti solo in conformit\u00e0 e alle condizioni stabilite nelle presenti Condizioni generali d&#039;uso, nella nostra politica sulla privacy, nella politica sui cookie e in altre disposizioni pertinenti della legge applicabile.<\/p><p id=\"block-f8d42f35-f75a-4336-8cdb-3682b4fae5fc\">Accedendo e utilizzando il Sito Web, garantisci che (i) il tuo utilizzo del Sito Web non dannegger\u00e0 il Sito Web, altri visitatori del Sito Web o terze parti, (ii) non tenterai di ottenere un accesso non autorizzato al Sito Web, (iii) non tenterai di mappare il Sito Web su nessun altro sito Web, (iv) accederai al Sito Web solo tramite l&#039;interfaccia da noi fornita, (v) non utilizzerai software che consenta la raccolta di informazioni sull&#039;utilizzo del Sito Web da parte di altri visitatori e l&#039;identificazione della loro identit\u00e0, (vi) non utilizzerai il Sito Web in violazione delle presenti Condizioni generali d&#039;uso e di altre disposizioni pertinenti della legge applicabile.<\/p><p id=\"block-5fd76e28-5974-497a-b463-8d0f3ed096d6\">Nel caso in cui un fornitore o un partner sanitario desideri istituire un sistema per ricevere richieste di servizi a pagamento tramite i Servizi, ci\u00f2 sar\u00e0 consentito sulla base di un ulteriore accordo scritto, in conformit\u00e0 con le Condizioni Generali d&#039;Uso.<\/p><h3 id=\"block-541b54ef-e77a-4b89-8ec6-a72bb27c02e1\"><strong>\u00a0<\/strong><\/h3><h3 id=\"block-541b54ef-e77a-4b89-8ec6-a72bb27c02e1\"><strong>3.\u00a0<\/strong><strong>Contenuto utente\/cliente<\/strong><\/h3><p id=\"block-ead614e1-90a5-4ac0-bcd8-e4a862513cde\">Tutti i contenuti inviati a FIZIO A, comprese le informazioni e i materiali inviati nell&#039;ambito di domande, risposte, richieste di informazioni e commenti (di seguito denominati &quot;Contenuti dell&#039;Utente&quot;) sono di tua esclusiva responsabilit\u00e0 e noi non ne siamo responsabili. L&#039;utente \u00e8 l&#039;unico responsabile delle informazioni che invia tramite l&#039;applicazione o tramite una videochiamata e, di conseguenza, si assume ogni responsabilit\u00e0 per i propri contenuti.<\/p><p id=\"block-f09c1a79-7075-4477-bdab-434887850af7\">L&#039;utente accetta e riconosce di essere l&#039;unico responsabile di tutti i contenuti inviati. FIZIO A non controlla i Contenuti dell&#039;Utente e non ne garantisce l&#039;accuratezza, l&#039;integrit\u00e0 o la qualit\u00e0. L&#039;utente accetta che FIZIO A non sia responsabile per eventuali perdite o danni derivanti dall&#039;affidamento fatto su tali informazioni.<\/p><p id=\"block-8f5452ed-4342-465e-aab2-a40717ddf55a\">Vi preghiamo di segnalarci eventuali presunte violazioni in relazione ai Contenuti dell&#039;utente al seguente indirizzo e-mail:\u00a0<a href=\"mailto:info@fizioterapija-izola.si\">info@fizioterapija-izola.si<\/a>. I contenuti che ci fornisci saranno letti, utilizzati e raccolti solo da FIZIO A o da persone autorizzate da FIZIO A.<\/p><h3 id=\"block-3bd754ba-4a97-40f2-9c22-b5d03d000e93\"><strong>\u00a0<\/strong><\/h3><h3 id=\"block-3bd754ba-4a97-40f2-9c22-b5d03d000e93\"><strong>4. Collegamenti a siti web di terze parti<\/strong><\/h3><p id=\"block-0b3cb807-7d76-42a4-b87e-d01ee298cebb\">Il Sito Web pu\u00f2, al fine di facilitare la ricerca e migliorare l&#039;esperienza dell&#039;utente, contenere collegamenti ipertestuali a siti web di terze parti. La semplice pubblicazione di un collegamento ipertestuale sul Sito Web non costituisce n\u00e9 implica alcuna forma di supporto, sponsorizzazione o raccomandazione del sito web a cui si accede tramite il collegamento ipertestuale, del suo contenuto o del suo proprietario, da parte di FIZIO A.<\/p><p id=\"block-41b11f84-4a84-45b4-87c5-c7669c6c4bc9\">Cliccando su un collegamento ipertestuale, abbandonerai questo sito Web e verrai reindirizzato a un sito Web di terze parti al quale si applicano termini generali di utilizzo e politiche sulla privacy diversi.<\/p><p id=\"block-e5d2d916-08f9-4cad-8ff8-de3c68b89d5d\">FIZIO A non si assume alcuna responsabilit\u00e0 per i siti web di terzi a cui si accede in questo modo, per i contenuti e le informazioni in essi pubblicati, n\u00e9 si assume la responsabilit\u00e0 dell&#039;accesso riuscito a tali siti web.<\/p><h3 id=\"block-7d4e3ccc-379b-4ba1-80c8-cbd71c1f7b16\"><strong>\u00a0<\/strong><\/h3><h3 id=\"block-7d4e3ccc-379b-4ba1-80c8-cbd71c1f7b16\"><strong>5. Diritti di propriet\u00e0 intellettuale<\/strong><\/h3><p id=\"block-dfd8a820-6af0-4166-928d-9d54e869b4de\">Il Sito Web e il suo contenuto sono propriet\u00e0 intellettuale di FIZIO A o dei suoi autori e non possono, salvo quanto specificato nelle Condizioni Generali d&#039;Uso, essere utilizzati senza l&#039;espresso consenso scritto di FIZIO A. FIZIO A, il logo, tutte le immagini, le fotografie, i testi e tutti i contenuti del Sito Web, la grafica e le icone dei pulsanti rappresentano propriet\u00e0 intellettuale di FIZIO A. Tutti gli altri marchi, nomi di prodotti e nomi aziendali o loghi sono di propriet\u00e0 dei rispettivi titolari. Salvo quanto espressamente indicato sul Sito Web, il contenuto del Sito Web non pu\u00f2 essere copiato, stampato, trasmesso, visualizzato, venduto, pubblicato, memorizzato, modificato o utilizzato per scopi commerciali senza il previo consenso scritto di FIZIO A.<\/p><p id=\"block-c33b2e67-b33f-472d-82c2-d2647309fb2b\">I loghi, i nomi aziendali, i marchi commerciali e gli altri segni distintivi visualizzati sul Sito Web possono essere marchi protetti e sono di propriet\u00e0 di FIZIO A o pubblicati con il consenso del titolare dei diritti industriali su tali marchi. Il loro utilizzo senza il previo consenso scritto di FIZIO A o di terzi \u00e8 vietato.<\/p><h3 id=\"block-af6e16b6-11e2-40ac-b7b0-830856312ab1\"><strong>\u00a0<\/strong><\/h3><h3 id=\"block-af6e16b6-11e2-40ac-b7b0-830856312ab1\"><strong>6. Esclusione di responsabilit\u00e0<\/strong><\/h3><p id=\"block-75331899-3943-4f02-af08-dfe1bd401c7d\">Salvo quanto espressamente indicato nelle presenti Condizioni Generali d&#039;Uso, FIZIO A. non rilascia alcuna dichiarazione ed esclude ogni garanzia, espressa o implicita, nella misura massima consentita dalla legge applicabile, in merito all&#039;adeguatezza, affidabilit\u00e0, disponibilit\u00e0, tempestivit\u00e0 e accuratezza delle informazioni e dei contenuti del sito web e dei link a siti web di terze parti presenti sul nostro sito web. Il sito web, le informazioni e i contenuti in esso contenuti, nonch\u00e9 la grafica collegata al sito web, sono forniti senza alcuna garanzia di alcun tipo da parte di FIZIO A.<\/p><p id=\"block-acfebd2d-a4ed-4fec-bd3f-6c087098ea67\">Le informazioni contenute nel sito web potrebbero essere inaccurate o contenere errori tipografici. FIZIO A non \u00e8 responsabile per eventuali danni derivanti dalla perdita di utilizzo del sito web, dati, profitti, avviamento o reputazione, lesioni personali o qualsiasi altro danno derivante da (i) il vostro accesso al nostro sito web, (ii) la vostra incapacit\u00e0 di utilizzare il sito web, (iii) qualsiasi informazione o contenuto presente sul nostro sito web, (iv) le vostre informazioni o materiale inviato al nostro sito web. L&#039;esclusione di responsabilit\u00e0 si applica indipendentemente dal fatto che il danno sia basato su violazione del contratto, illecito civile, negligenza, responsabilit\u00e0 oggettiva o altro.<\/p><h3 id=\"block-d88e5212-8d81-4344-9389-dd056516fe0c\"><strong>\u00a0<\/strong><\/h3><h3 id=\"block-d88e5212-8d81-4344-9389-dd056516fe0c\"><strong>7. Protezione dei dati personali<\/strong><\/h3><p id=\"block-cb16a76c-45ba-4d4e-9130-2009d8659c22\">FIZIO A tratta i dati personali raccolti in conformit\u00e0 con la Privacy Policy e la Cookie Policy.<\/p><h3 id=\"block-b80df164-e39f-4b83-8a67-778df63642c6\"><strong>\u00a0<\/strong><\/h3><h3 id=\"block-b80df164-e39f-4b83-8a67-778df63642c6\"><strong>8. Modifica delle Condizioni Generali d&#039;Uso<\/strong><\/h3><p id=\"block-1f56a0de-a9a5-43d6-83c4-435da2a78726\">FIZIO A si riserva il diritto di modificare il contenuto delle presenti Condizioni Generali d&#039;Uso in qualsiasi momento. Le Condizioni Generali d&#039;Uso modificate regoleranno l&#039;accesso e l&#039;utilizzo del Sito Web a partire dal momento della loro pubblicazione sul Sito Web. Accedendo e utilizzando il Sito Web dopo l&#039;entrata in vigore delle Condizioni Generali d&#039;Uso modificate, l&#039;utente accetta l&#039;applicazione di tali Condizioni Generali d&#039;Uso modificate. La data dell&#039;ultima modifica alle Condizioni Generali d&#039;Uso \u00e8 pubblicata di seguito.<\/p><h3 id=\"block-e53d07b7-bead-41f9-b23b-fab8d525f095\"><strong>\u00a0<\/strong><\/h3><h3 id=\"block-e53d07b7-bead-41f9-b23b-fab8d525f095\"><strong>9. Disposizioni finali<\/strong><\/h3><p id=\"block-5f3914d3-7203-46d4-87a9-2e0d153d0e84\">Le presenti Condizioni Generali d&#039;Uso, unitamente all&#039;Informativa sulla Privacy e all&#039;Informativa sui Cookie pubblicate sul Sito Web, regolano in modo esaustivo il rapporto tra te e FIZIO A in relazione all&#039;utilizzo del Sito Web.<\/p><p id=\"block-a3120a12-2265-48d7-8717-3efe0d68cfb7\">Per la valutazione delle presenti Condizioni Generali d&#039;Uso si applica la legge slovena. In caso di controversia derivante da e in relazione alle presenti Condizioni Generali d&#039;Uso, sar\u00e0 competente il tribunale di Lubiana.\u00a0<\/p><h3 id=\"block-63471a59-4e9a-4b91-9289-464fe0a29b77\"><strong>\u00a0<\/strong><\/h3><h3 id=\"block-63471a59-4e9a-4b91-9289-464fe0a29b77\"><strong>10. Contatto<\/strong><\/h3><p id=\"block-b2623c1a-419a-4034-a072-05fd918ad23e\">Per qualsiasi domanda, contattateci a <span style=\"text-decoration: underline\"><a href=\"mailto:info@fizioterapija-izola.si\">info@fizioterapija-izola.si<\/a><\/span>.<\/p><p id=\"block-a764d823-bcb2-4359-a61a-7f0cbe611075\"><span style=\"font-size: 13.3333px\">\u00a9 <\/span>FIZIO A doo, novembre 2025<\/p>\t\t\t\t\t\t\t\t<\/div>\n\t\t\t\t\t<\/div>\n\t\t\t\t<\/div>\n\t\t\t\t<\/div>","protected":false},"excerpt":{"rendered":"<p>Le presenti Condizioni Generali d&#039;Uso del Sito Web (&quot;Condizioni Generali&quot;) regolano il rapporto tra voi e FIZIO A doo, con sede legale e commerciale in Kajuhova ulica 38, 6310 Isola, in relazione all&#039;utilizzo del sito web fizioterija-izola.si e di qualsiasi sottopagina di questo sito web (&quot;Sito Web&quot;). Oltre alle Condizioni Generali d&#039;Uso del Sito Web, vi preghiamo di leggere attentamente anche [\u2026]<\/p>","protected":false},"author":1,"featured_media":0,"parent":0,"menu_order":0,"comment_status":"closed","ping_status":"closed","template":"","meta":{"_acf_changed":false,"inline_featured_image":false,"footnotes":""},"class_list":["post-1392","page","type-page","status-publish","hentry"],"acf":[],"_links":{"self":[{"href":"https:\/\/fizioterapija-izola.click.si\/it\/wp-json\/wp\/v2\/pages\/1392","targetHints":{"allow":["GET"]}}],"collection":[{"href":"https:\/\/fizioterapija-izola.click.si\/it\/wp-json\/wp\/v2\/pages"}],"about":[{"href":"https:\/\/fizioterapija-izola.click.si\/it\/wp-json\/wp\/v2\/types\/page"}],"author":[{"embeddable":true,"href":"https:\/\/fizioterapija-izola.click.si\/it\/wp-json\/wp\/v2\/users\/1"}],"replies":[{"embeddable":true,"href":"https:\/\/fizioterapija-izola.click.si\/it\/wp-json\/wp\/v2\/comments?post=1392"}],"version-history":[{"count":4,"href":"https:\/\/fizioterapija-izola.click.si\/it\/wp-json\/wp\/v2\/pages\/1392\/revisions"}],"predecessor-version":[{"id":1396,"href":"https:\/\/fizioterapija-izola.click.si\/it\/wp-json\/wp\/v2\/pages\/1392\/revisions\/1396"}],"wp:attachment":[{"href":"https:\/\/fizioterapija-izola.click.si\/it\/wp-json\/wp\/v2\/media?parent=1392"}],"curies":[{"name":"parola chiave","href":"https:\/\/api.w.org\/{rel}","templated":true}]}}