{"id":1383,"date":"2025-11-14T13:03:40","date_gmt":"2025-11-14T12:03:40","guid":{"rendered":"https:\/\/fizioterapija-izola.click.si\/?page_id=1383"},"modified":"2025-11-28T11:20:26","modified_gmt":"2025-11-28T10:20:26","slug":"politika-zasebnosti","status":"publish","type":"page","link":"https:\/\/fizioterapija-izola.click.si\/it\/politika-zasebnosti\/","title":{"rendered":"politica sulla riservatezza"},"content":{"rendered":"<div data-elementor-type=\"wp-page\" data-elementor-id=\"1383\" class=\"elementor elementor-1383\" data-elementor-post-type=\"page\">\n\t\t\t\t<div class=\"elementor-element elementor-element-554afb5 e-flex e-con-boxed e-con e-parent\" data-id=\"554afb5\" data-element_type=\"container\">\n\t\t\t\t\t<div class=\"e-con-inner\">\n\t\t\t\t<div class=\"elementor-element elementor-element-4d21acd elementor-widget elementor-widget-text-editor\" data-id=\"4d21acd\" data-element_type=\"widget\" data-widget_type=\"text-editor.default\">\n\t\t\t\t\t\t\t\t\t<h3><strong>INFORMAZIONI SULLA PRIVACY POLICY<\/strong><\/h3><p>Lo scopo dell&#039;Informativa sulla privacy di FIZIO A, medical center, doo (di seguito: &quot;Informativa sulla privacy&quot;) \u00e8 quello di informare gli utenti dei servizi di FIZIO A, medical center, doo e altre persone (di seguito denominate anche: &quot;singoli individui&quot;) sulle finalit\u00e0 e sulle basi del trattamento dei dati personali da parte della societ\u00e0. <strong>FIZIO A, centro medico, doo, Kajuhova 38, 6310 Isola<\/strong> (di seguito: &quot;Societ\u00e0&quot;) e i diritti delle persone in questo ambito.<\/p><p>La societ\u00e0 presta particolare attenzione alla sicurezza dei tuoi dati personali. Tutti i dati personali forniti sono trattati in modo confidenziale e utilizzati esclusivamente per lo scopo per cui sono stati forniti. Gestiamo i tuoi dati personali con la massima cura, tenendo conto della legislazione applicabile e dei pi\u00f9 elevati standard di trattamento. Garantiamo la sicurezza dei tuoi dati personali, tra l&#039;altro, utilizzando misure organizzative, procedure di lavoro e soluzioni tecnologiche avanzate adeguate, nonch\u00e9 avvalendoci di esperti esterni, al fine di proteggere i tuoi dati personali nel modo pi\u00f9 efficace possibile. A tal fine, utilizziamo un livello di protezione adeguato e ragionevoli misure fisiche, elettroniche e amministrative per proteggere i dati raccolti da distruzione accidentale o illecita, perdita, alterazione, divulgazione non autorizzata di dati personali o da accesso non autorizzato a dati personali trasferiti, archiviati o altrimenti trattati.<\/p><p>Allo stesso tempo, la presente Informativa sulla privacy chiarisce ulteriormente il consenso da te prestato per il trattamento dei tuoi dati personali.<\/p><p>Ai sensi del Regolamento (UE) 2016\/679 del Parlamento europeo e del Consiglio, del 27 aprile 2016, relativo alla protezione delle persone fisiche con riguardo al trattamento dei dati personali, nonch\u00e9 alla libera circolazione di tali dati e che abroga la direttiva 95\/46\/CE (di seguito: \u201cRegolamento generale sulla protezione dei dati\u201d), l\u2019Informativa sulla privacy include le seguenti informazioni:<\/p><ul><li>informazioni di contatto dell&#039;azienda,<\/li><li>le finalit\u00e0, le basi e le tipologie di trattamento dei vari tipi di dati personali degli individui,<\/li><li>il periodo di conservazione per i singoli tipi di dati personali,<\/li><li>i diritti delle persone in relazione al trattamento dei dati personali,<\/li><li>il diritto di proporre reclamo in merito al trattamento dei dati personali,<\/li><li>validit\u00e0 della Privacy Policy.<\/li><\/ul><p>\u00a0<\/p><p><strong>Dati personali raccolti dall&#039;azienda<\/strong><\/p><p>Se sei solo un visitatore del sito web, raccogliamo dati su di te solo tramite l&#039;uso dei cookie. Se sei un utente o un abbonato ai servizi forniti dall&#039;azienda, raccogliamo anche altri dati personali su di te, necessari per fornirti i servizi che hai ordinato o che stai utilizzando.<\/p><p>Questi dati personali sono:<\/p><ul><li>nome e cognome<\/li><li>indirizzo email di contatto<\/li><li>numero di telefono di contatto<\/li><li>indirizzo IP<\/li><li>informazioni per emettere un&#039;offerta in base alla tua richiesta (il tuo indirizzo, ecc.).<\/li><\/ul><h3><br \/><strong>Titolare del trattamento dei dati personali<\/strong><\/h3><p>Il titolare del trattamento dei dati personali trattati in conformit\u00e0 alla presente Informativa sulla privacy \u00e8 FIZIO A, medical center, doo, Kajuhova 38, 6310 Izola.<\/p><p>Categorie di soggetti i cui dati personali vengono trattati: La presente Informativa sulla privacy \u00e8 destinata a tutti coloro che hanno ordinato e\/o utilizzato i nostri servizi, o hanno inviato una richiesta, nonch\u00e9 a coloro che visitano il nostro sito web.<br \/><br \/><\/p><h3><strong>Finalit\u00e0 del trattamento e basi giuridiche del trattamento dei dati<\/strong><\/h3><p><strong>Elaborazione basata su un contratto:<\/strong><\/p><p>Nell&#039;ambito dell&#039;esercizio dei diritti contrattuali e dell&#039;adempimento degli obblighi contrattuali, la societ\u00e0 tratta i tuoi dati personali per le seguenti finalit\u00e0: identificazione della persona, preparazione di un&#039;offerta, conclusione di un contratto, fornitura dei servizi ordinati, informazione su eventuali modifiche, dettagli aggiuntivi e istruzioni per l&#039;utilizzo dei servizi, risoluzione di eventuali problemi tecnici, obiezioni o reclami, fatturazione dei servizi e per altre finalit\u00e0 necessarie all&#039;attuazione o alla conclusione di un rapporto contrattuale tra la societ\u00e0 e la persona.<\/p><p><br \/>Quando fatturiamo i servizi, in base alle normative fiscali, otteniamo ed elaboriamo anche il tuo indirizzo per la corretta emissione della fattura.<\/p><p><strong><br \/>Trattamento basato sulla legge:<\/strong><\/p><p>Sulla base di un legittimo interesse, utilizziamo i tuoi dati personali per rilevare e prevenire l&#039;uso fraudolento e l&#039;abuso dei servizi, inoltre nell&#039;ambito della garanzia del funzionamento stabile e sicuro del nostro sistema e dei nostri servizi, nonch\u00e9 allo scopo di implementare misure di sicurezza delle informazioni, soddisfare i requisiti relativi alla qualit\u00e0 dei servizi e rilevare guasti tecnici dei sistemi e dei servizi.<\/p><p>Sulla base di un legittimo interesse, utilizziamo i tuoi dati personali anche per finalit\u00e0 di potenziale esecuzione, recupero giudiziario ed extragiudiziale.<\/p><p>In conformit\u00e0 con il Regolamento Generale, in caso di sospetto abuso, un&#039;azienda pu\u00f2 trattare i dati relativi alle persone fisiche in misura adeguata e proporzionata al fine di identificare e prevenire possibili frodi o abusi e pu\u00f2, se del caso, inoltrare tali dati anche ad altri fornitori di tali servizi, partner commerciali, alla polizia, alla procura o ad altre autorit\u00e0 competenti. Al fine di prevenire futuri abusi o frodi, i dati relativi alla cronologia di abusi o frodi identificati in relazione a una persona fisica, inclusi i dati sul rapporto di abbonamento e, ad esempio, l&#039;indirizzo IP, possono essere conservati per cinque anni dopo la cessazione del rapporto commerciale.<\/p><p><br \/><strong>Trattamento basato sul consenso al trattamento dei dati personali:<\/strong><\/p><p>Il trattamento dei dati pu\u00f2 anche basarsi sul tuo consenso, che hai fornito alla societ\u00e0.<\/p><p>Il consenso pu\u00f2, ad esempio, riferirsi all&#039;invio di informazioni su offerte, vantaggi e miglioramenti ai servizi forniti dall&#039;azienda. Lo scopo di tale comunicazione \u00e8 quello di rendere i servizi il pi\u00f9 possibile vicini alle vostre esigenze e ai vostri desideri e di aumentarne il valore utile per voi. L&#039;invio di informazioni avviene attraverso i canali da voi scelti nel consenso. Potete revocare l&#039;invio di informazioni in qualsiasi momento, secondo le modalit\u00e0 definite nell&#039;Informativa sulla privacy.<\/p><p>\u00c8 possibile revocare o modificare il consenso in qualsiasi momento, con le stesse modalit\u00e0 con cui \u00e8 stato fornito o con altre modalit\u00e0 definite nell&#039;Informativa sulla privacy, fermo restando che la societ\u00e0 si riserva il diritto di identificare il cliente. La modifica del consenso pu\u00f2 essere effettuata anche via e-mail all&#039;indirizzo info@fizioterapija-izola.si o tramite richiesta scritta inviata alla sede legale della societ\u00e0.<\/p><p>La revoca o la modifica del consenso si applica solo ai dati trattati sulla base del tuo consenso. Il tuo ultimo consenso prestato da noi \u00e8 valido. La possibilit\u00e0 di revocare il consenso non costituisce un diritto di revoca nel rapporto commerciale di un individuo con un&#039;azienda.<\/p><p>I dati per i quali \u00e8 stato prestato il consenso vengono trattati fino a due anni dopo la cessazione del rapporto commerciale con la societ\u00e0, salvo revoca.<\/p><h3><br \/><strong>Limitazioni alla fornitura di dati personali<\/strong><\/h3><p>Se necessario, autorizzeremo altre aziende e persone a svolgere determinate attivit\u00e0 che contribuiscono ai nostri servizi. In tal caso, l&#039;azienda potr\u00e0 anche fornire dati personali a responsabili esterni del trattamento, accuratamente selezionati, che stipuleranno con l&#039;azienda un contratto di trattamento dei dati personali, o un contratto sostanzialmente identico o altro documento vincolante (di seguito: &quot;Contratto di Trattamento&quot;). Forniremo tali dati a responsabili esterni del trattamento o li renderemo accessibili solo nella misura necessaria per una specifica finalit\u00e0. Il responsabile esterno del trattamento non potr\u00e0 utilizzare tali dati per altre finalit\u00e0, nel rispetto di almeno tutti gli standard di trattamento dei dati personali previsti dalla legge applicabile. I responsabili esterni del trattamento sono contrattualmente obbligati nei confronti dell&#039;azienda a rispettare la riservatezza dei vostri dati personali.<\/p><p>Su richiesta motivata, la societ\u00e0 fornisce inoltre dati personali alle autorit\u00e0 statali competenti che dispongono di una base giuridica per farlo. FIZIO A, medical center doo, ad esempio, risponder\u00e0 alle richieste di tribunali, forze dell&#039;ordine e altre autorit\u00e0 statali, che possono includere anche autorit\u00e0 statali di un altro Stato membro dell&#039;UE.<\/p><h3><br \/><strong>Periodo di conservazione dei dati personali<\/strong><\/h3><p>Il periodo di conservazione dei dati \u00e8 determinato dalla categoria dei singoli dati. Conserviamo i dati per il tempo massimo necessario al raggiungimento dello scopo per il quale sono stati raccolti o ulteriormente trattati, o fino alla scadenza dei termini di prescrizione per l&#039;adempimento degli obblighi o del periodo di conservazione prescritto dalla legge.<\/p><p>I dati di fatturazione e le relative informazioni di contatto delle persone fisiche possono essere conservati ai fini dell&#039;adempimento degli obblighi contrattuali fino al completo pagamento del servizio o fino alla scadenza dei termini di prescrizione relativi al singolo reclamo, che possono variare da uno a cinque anni per legge. Le fatture vengono conservate per 10 anni dalla fine dell&#039;anno a cui si riferisce la fattura, in conformit\u00e0 con la legge che regola l&#039;imposta sul valore aggiunto.<\/p><p>Conserviamo gli altri dati ottenuti sulla base del tuo consenso per tutta la durata del rapporto commerciale e per 2 anni dopo la sua cessazione, a meno che la legge non preveda un periodo di conservazione pi\u00f9 lungo. Se un individuo che ha prestato il consenso al trattamento dei dati personali non ha avviato un rapporto commerciale con noi, il suo consenso \u00e8 valido per 2 anni dalla data del suo conferimento o fino alla sua revoca.<\/p><p>Dopo la scadenza del periodo di conservazione, i dati vengono cancellati, distrutti, bloccati o resi anonimi, salvo che la legge non disponga diversamente per una particolare tipologia di dati.<\/p><h3><br \/><strong>Diritti degli individui in relazione al trattamento dei dati personali<\/strong><\/h3><p>Ci assicuriamo che tu eserciti i tuoi diritti in relazione al trattamento dei tuoi dati personali senza ingiustificato ritardo. Decideremo in merito alla tua richiesta entro un mese dal ricevimento della stessa. In caso di complessit\u00e0 e numero elevato di richieste, potremmo prorogare il termine per un massimo di altri due mesi. In caso di proroga del termine, ti informeremo di tale proroga entro un mese dal ricevimento della richiesta, unitamente ai motivi del ritardo.<\/p><p>Accettiamo richieste relative all&#039;esercizio dei tuoi diritti tramite e-mail. <a href=\"mailto:info@fizioterapija-izola.si\"><span style=\"text-decoration: underline\">info@fizioterapija-izola.si<\/span><\/a> oppure via posta all&#039;indirizzo <strong>FIZIO A, centro medico, doo, Kajuhova 38, 6310 Isola<\/strong><\/p><p>Quando invii una richiesta tramite mezzi elettronici, ti forniremo le informazioni tramite mezzi elettronici, ove possibile, a meno che tu non richieda diversamente.<\/p><p>Qualora vi siano ragionevoli dubbi in merito all&#039;identit\u00e0 di un individuo che presenta una richiesta relativa a uno dei propri diritti, potremmo richiedere la fornitura di ulteriori informazioni necessarie per confermare l&#039;identit\u00e0 dell&#039;interessato.<\/p><p>Se le richieste dell&#039;interessato sono manifestamente infondate o eccessive, in particolare perch\u00e9 ripetitive, la societ\u00e0 pu\u00f2:<\/p><ul><li>addebitare un costo ragionevole, tenendo conto dei costi amministrativi sostenuti per fornire le informazioni o la comunicazione o per intraprendere l&#039;azione richiesta, oppure<\/li><li>rifiuta di dare seguito alla richiesta.<\/li><\/ul><p><br \/>Ti garantiamo i seguenti diritti in relazione al trattamento dei tuoi dati personali:<\/p><p>(I) diritto di accesso ai dati<br \/>(II) il diritto di rettifica<br \/>\u00a0(III) il diritto alla cancellazione (\u00bbdiritto all\u2019oblio\u00ab)<br \/>(IV) il diritto di limitazione del trattamento<br \/>( V ) il diritto alla portabilit\u00e0 dei dati<br \/>(VI) diritto di opposizione<br \/>(VII) diritto di accesso ai dati<\/p><p><br \/>Hai sempre il diritto di essere informato se \u00e8 in corso un trattamento di dati personali che ti riguardano e, in tal caso, di accedere ai dati personali e alle seguenti informazioni:<\/p><ul><li>finalit\u00e0 del trattamento,<\/li><li>le tipologie di dati personali trattati,<\/li><li>gli utenti o le categorie di utenti a cui i dati personali sono stati o saranno comunicati,<\/li><li>il periodo di conservazione dei dati personali previsto oppure, se non \u00e8 possibile, i criteri utilizzati per determinare tale periodo,<\/li><li>l&#039;esistenza del diritto di chiedere al titolare del trattamento la rettifica o la cancellazione dei dati personali o la limitazione del trattamento dei dati personali che lo riguardano, oppure l&#039;esistenza del diritto di opporsi a tale trattamento,<\/li><li>il diritto di proporre reclamo a un&#039;autorit\u00e0 di controllo,<\/li><li>qualora i dati personali non siano raccolti direttamente dall&#039;utente, tutte le informazioni disponibili sulla loro origine.<\/li><\/ul><p><br \/>(II) diritto di rettifica<br \/>Hai il diritto di ottenere da noi, senza ingiustificato ritardo, la rettifica dei dati personali inesatti che ti riguardano e, tenuto conto delle finalit\u00e0 del trattamento, il diritto di ottenere l&#039;integrazione dei dati personali incompleti, anche fornendo una dichiarazione integrativa.<\/p><p><br \/>(III) il diritto alla cancellazione (\u00bbdiritto all\u2019oblio\u00ab)<br \/>Hai il diritto di ottenere da noi la cancellazione dei tuoi dati personali senza ingiustificato ritardo, qualora sussista uno dei seguenti motivi:<br \/>\u2022 quando i dati personali non sono pi\u00f9 necessari rispetto alle finalit\u00e0 per le quali sono stati raccolti o altrimenti trattati,<br \/>\u2022 quando si revoca il consenso sulla base del quale avviene il trattamento e non sussiste altra base giuridica per il trattamento,<br \/>\u2022 quando ti opponi al trattamento dei dati e non sussistono motivi legittimi prevalenti per procedere al trattamento,<br \/>\u2022 quando i dati personali sono stati trattati illecitamente,<br \/>\u2022 quando i dati personali devono essere cancellati per ottemperare a un obbligo legale previsto dal diritto dell&#039;UE o dal diritto sloveno.<\/p><p><br \/>(IV) il diritto di limitazione del trattamento<br \/>Hai il diritto di ottenere da noi la limitazione del trattamento dei tuoi dati personali quando ricorre una delle seguenti ipotesi:<br \/>\u2022 quando contesti l&#039;esattezza dei dati, per un periodo che ci consenta di verificare l&#039;esattezza dei dati personali,<br \/>\u2022 il trattamento \u00e8 illecito e Lei si oppone alla cancellazione dei Suoi dati personali e chiede invece che ne sia limitato l&#039;utilizzo,<br \/>\u2022 non abbiamo pi\u00f9 bisogno dei tuoi dati personali ai fini del trattamento, ma tu ne hai bisogno per far valere, esercitare o difendere un diritto in sede giudiziaria,<br \/>\u2022 se hai presentato un&#039;obiezione al trattamento basata sui legittimi interessi della societ\u00e0, in attesa della verifica che i nostri motivi legittimi prevalgano sui tuoi.<br \/>Qualora il trattamento dei tuoi dati personali sia stato limitato conformemente al paragrafo precedente, tali dati personali, fatta eccezione per la loro conservazione, saranno trattati soltanto con il tuo consenso o per l&#039;accertamento, l&#039;esercizio o la difesa di un diritto in sede giudiziaria oppure per tutelare i diritti di un&#039;altra persona fisica o giuridica.<br \/>Siamo tenuti a informarti prima di revocare la limitazione del trattamento dei tuoi dati personali.<\/p><p><br \/>( V ) diritto alla portabilit\u00e0 dei dati<br \/>Hai il diritto di ricevere i dati personali che ti riguardano, che ci hai fornito, in un formato strutturato, di uso comune e leggibile da dispositivo automatico e hai il diritto di trasmettere tali dati a un altro titolare del trattamento senza impedimenti da parte della societ\u00e0, qualora il trattamento si basi sul tuo consenso e sia effettuato con mezzi automatizzati. Su tua richiesta, ove tecnicamente fattibile, i dati personali possono essere trasmessi direttamente a un altro titolare del trattamento.<\/p><p><br \/>(VI) diritto di opposizione<br \/>Laddove trattiamo i tuoi dati sulla base di un legittimo interesse per finalit\u00e0 di marketing, puoi opporti a tale trattamento in qualsiasi momento.<br \/>Cesseremo di trattare i tuoi dati personali a meno che non dimostriamo l&#039;esistenza di motivi impellenti per il trattamento che prevalgono sui tuoi interessi, diritti e libert\u00e0, oppure per l&#039;accertamento, l&#039;esercizio o la difesa di un diritto in sede giudiziaria.<\/p><h3><br \/><strong>Diritto di proporre reclamo in merito al trattamento dei dati personali<\/strong><\/h3><p>Puoi inviare qualsiasi reclamo riguardante il trattamento dei tuoi dati personali tramite e-mail. <a href=\"mailto:info@fizioterapija-izola.si\"><span style=\"text-decoration: underline\">info@fizioterapija-izola.si<\/span><\/a> oppure via posta all&#039;indirizzo \u00a0<strong>FIZIO A, centro medico, doo, Kajuhova 38, 6310 Isola<\/strong>.<br \/>Se non decidiamo in merito alla tua richiesta entro il termine di legge o se la respingiamo, hai la possibilit\u00e0 di presentare un reclamo all&#039;Information Commissioner.<\/p><p>Hai inoltre il diritto di presentare un reclamo direttamente al Commissario per la protezione dei dati personali se ritieni che il trattamento dei tuoi dati personali violi le normative slovene o dell&#039;UE in materia di protezione dei dati personali.<\/p><p>Se hai esercitato il tuo diritto di accesso ai dati e, dopo aver ricevuto una decisione, ritieni che i dati personali ricevuti non siano quelli richiesti o che non hai ricevuto tutti i dati personali richiesti, puoi, prima di presentare un reclamo al Commissario per le informazioni, presentare un reclamo motivato alla societ\u00e0 entro 15 giorni. Dobbiamo decidere sul tuo reclamo come una nuova richiesta entro cinque giorni lavorativi.<\/p><h3>\u00a0<br \/><strong>Disposizioni finali\u00a0<\/strong><\/h3><p>Per tutto quanto non regolato dalla presente Informativa sulla privacy valgono le leggi applicabili.<br \/>La societ\u00e0 si riserva il diritto di modificare la presente Informativa sulla privacy. Vi informeremo della modifica pubblicandola sul sito web ufficiale di FIZIO A, medical center, doo 30 giorni prima della sua entrata in vigore.<br \/>Se hai domande sulla nostra Informativa sulla privacy o sulle informazioni che conserviamo su di te, inviaci un&#039;e-mail a\u00a0<a href=\"mailto:%20info@fizioterapija-izola.si\u00a0%20\"> info@fizioterapija-izola.si\u00a0 <\/a><\/p><p><br \/><strong>Validit\u00e0 dell&#039;Informativa sulla Privacy<\/strong><\/p><p>La presente Informativa sulla privacy \u00e8 pubblicata sul sito web di FIZIO A doo ed entra in vigore il 1\u00b0 dicembre 2025.<br \/><br \/><\/p><h3><strong>Informativa sui cookie<\/strong><\/h3><p><strong>Biscotti<\/strong><\/p><p>Affinch\u00e9 questo sito web funzioni correttamente, a volte vengono scaricati sul tuo dispositivo piccoli file di dati chiamati cookie. Questo accade sulla maggior parte dei siti web pi\u00f9 importanti.<br \/>Cosa sono i cookie? Un cookie \u00e8 un piccolo file di testo che un sito web memorizza sul tuo computer o dispositivo mobile quando lo visiti. Permette al sito web di ricordare le tue azioni e preferenze (come nome utente o password, lingua, dimensione del carattere e altre impostazioni) per un determinato periodo di tempo, in modo che tu non debba reinserirle ogni volta che visiti il sito web o navighi tra le pagine.<\/p><p><strong><br \/>Come utilizziamo i cookie?<\/strong><\/p><p>I cookie ci aiutano a:<\/p><ul><li>Che il sito web funzioni come previsto<\/li><li>Salva il tuo login ogni volta che visiti il sito web<\/li><li>Salva le impostazioni quando accedi e cerchi nel sito<\/li><li>Migliorare la velocit\u00e0\/sicurezza del sito web \u00a0<\/li><\/ul><p>\u00a0<\/p><p>Quando si collega un sito web ai social network come Facebook<\/p><ul><li>Quando si personalizza il sito web (in modo da poter ottenere rapidamente ci\u00f2 che si desidera)<\/li><li>Nel continuo miglioramento di questo sito web<\/li><li>Quando ottimizziamo i contenuti di marketing (in modo da poterti offrire ci\u00f2 che desideri)<\/li><\/ul><p><br \/>NON utilizziamo i cookie per:<\/p><ul><li>Registrazione di dati personali (senza il tuo consenso)<\/li><li>Registrazione di dati sensibili (senza il tuo permesso).<\/li><li>Trasferimento dei dati a terzi<\/li><\/ul><p><br \/>Di seguito puoi leggere maggiori informazioni su tutti i cookie attivi su questo sito web.<\/p><p><br \/><strong>Consenso all&#039;uso dei cookie<\/strong><\/p><p>Se le impostazioni del tuo browser su questo sito web sono impostate per accettare i cookie, acconsenti al loro utilizzo. Se non desideri utilizzare i cookie su questo sito web o non desideri rimuoverli, puoi leggere la procedura riportata di seguito. Tuttavia, la rimozione o il blocco dei cookie potrebbe compromettere il funzionamento ottimale del sito web.<\/p><p><br \/><strong>Cookie che registrano statistiche anonime degli utenti<\/strong><\/p><p>Utilizziamo i cookie per registrare statistiche su questo sito web, come ad esempio il numero di utenti che ci hanno visitato, i dispositivi utilizzati, le pagine visualizzate e cos\u00ec via. Con l&#039;aiuto di questi programmi, possiamo migliorare ulteriormente la tua esperienza utente. Tali analisi ci forniscono inoltre informazioni pi\u00f9 approfondite su come gli utenti raggiungono il nostro sito web e se lo hanno visitato nuovamente. Sulla base di queste informazioni, possiamo investire nel miglioramento e nello sviluppo dell&#039;esperienza utente.<br \/><br \/><strong>Cookie per attivit\u00e0 di marketing<\/strong><\/p><p>I cookie sono ampiamente utilizzati nel marketing digitale. N\u00e9 noi n\u00e9 i nostri partner esterni possiamo ottenere informazioni personali attraverso di essi.<br \/>Sebbene sia possibile bloccare quasi tutti i cookie, sconsigliamo di farlo, poich\u00e9 la pubblicit\u00e0 consente di utilizzare gratuitamente la maggior parte dei siti web. Inoltre, bloccare i cookie non significa che non visualizzerai pi\u00f9 annunci pubblicitari, ma che questi non saranno pi\u00f9 ottimizzati in base alle tue preferenze e ai tuoi interessi, il che riduce l&#039;esperienza utente.<br \/>Potresti aver notato molti annunci pubblicitari su un determinato sito web. Questi annunci sono pagati da operatori di marketing, come noi. I cookie sono la tecnologia che ci permette di fare proprio questo, e con il loro aiuto possiamo impostare un cosiddetto &quot;cookie di marketing&quot; durante la tua visita a un determinato sito web. Questi annunci sono rivolti a te e spesso puoi acquistare un prodotto tramite essi a un prezzo scontato speciale. E non preoccuparti, il processo \u00e8 completamente anonimo. Puoi sempre bloccare i cookie.<\/p><p>Se lo desideri, puoi mantenere il controllo sui cookie e\/o eliminarli \u2013 maggiori informazioni in <a href=\"http:\/\/aboutcookies.org\/\">aboutcookies.org<\/a>. Puoi eliminare tutti i cookie gi\u00e0 presenti sul tuo computer e puoi anche impostare la maggior parte dei browser in modo da impedirne l&#039;installazione. In questo caso, potresti dover inserire manualmente alcune impostazioni ogni volta che visiti il sito web e alcuni servizi e funzionalit\u00e0 potrebbero non funzionare.<\/p><p>Puoi accettare i cookie su questo sito web cliccando sul link quando visiti la pagina per la prima volta:<\/p><p>Accetto i cookie o li rifiuto senza conferma.<\/p>\t\t\t\t\t\t\t\t<\/div>\n\t\t\t\t\t<\/div>\n\t\t\t\t<\/div>\n\t\t\t\t<\/div>","protected":false},"excerpt":{"rendered":"<p>INFORMAZIONI SULL&#039;INFORMATIVA SULLA PRIVACY Lo scopo dell&#039;Informativa sulla privacy di FIZIO A, medical center, doo (di seguito: &quot;Informativa sulla privacy&quot;) \u00e8 quello di informare gli utenti dei servizi di FIZIO A, medical center, doo e altre persone (di seguito denominate anche: &quot;persone fisiche&quot;) sulle finalit\u00e0 e le basi del trattamento dei dati personali da parte della societ\u00e0 FIZIO A, medical center, doo, Kajuhova 38, 6310 Izola (di seguito: [...]<\/p>","protected":false},"author":1,"featured_media":0,"parent":0,"menu_order":0,"comment_status":"closed","ping_status":"closed","template":"","meta":{"_acf_changed":false,"inline_featured_image":false,"footnotes":""},"class_list":["post-1383","page","type-page","status-publish","hentry"],"acf":[],"_links":{"self":[{"href":"https:\/\/fizioterapija-izola.click.si\/it\/wp-json\/wp\/v2\/pages\/1383","targetHints":{"allow":["GET"]}}],"collection":[{"href":"https:\/\/fizioterapija-izola.click.si\/it\/wp-json\/wp\/v2\/pages"}],"about":[{"href":"https:\/\/fizioterapija-izola.click.si\/it\/wp-json\/wp\/v2\/types\/page"}],"author":[{"embeddable":true,"href":"https:\/\/fizioterapija-izola.click.si\/it\/wp-json\/wp\/v2\/users\/1"}],"replies":[{"embeddable":true,"href":"https:\/\/fizioterapija-izola.click.si\/it\/wp-json\/wp\/v2\/comments?post=1383"}],"version-history":[{"count":10,"href":"https:\/\/fizioterapija-izola.click.si\/it\/wp-json\/wp\/v2\/pages\/1383\/revisions"}],"predecessor-version":[{"id":1528,"href":"https:\/\/fizioterapija-izola.click.si\/it\/wp-json\/wp\/v2\/pages\/1383\/revisions\/1528"}],"wp:attachment":[{"href":"https:\/\/fizioterapija-izola.click.si\/it\/wp-json\/wp\/v2\/media?parent=1383"}],"curies":[{"name":"parola chiave","href":"https:\/\/api.w.org\/{rel}","templated":true}]}}