{"id":1341,"date":"2025-11-14T12:07:37","date_gmt":"2025-11-14T11:07:37","guid":{"rendered":"https:\/\/fizioterapija-izola.click.si\/?page_id=1341"},"modified":"2025-11-14T12:10:15","modified_gmt":"2025-11-14T11:10:15","slug":"piskotki","status":"publish","type":"page","link":"https:\/\/fizioterapija-izola.click.si\/it\/piskotki\/","title":{"rendered":"Biscotti"},"content":{"rendered":"<div data-elementor-type=\"wp-page\" data-elementor-id=\"1341\" class=\"elementor elementor-1341\" data-elementor-post-type=\"page\">\n\t\t\t\t<div class=\"elementor-element elementor-element-00eb0b4 e-flex e-con-boxed e-con e-parent\" data-id=\"00eb0b4\" data-element_type=\"container\">\n\t\t\t\t\t<div class=\"e-con-inner\">\n\t\t\t\t<div class=\"elementor-element elementor-element-cce5af9 elementor-widget elementor-widget-heading\" data-id=\"cce5af9\" data-element_type=\"widget\" data-widget_type=\"heading.default\">\n\t\t\t\t\t<h1 class=\"elementor-heading-title elementor-size-default\">Biscotti<\/h1>\t\t\t\t<\/div>\n\t\t\t\t<div class=\"elementor-element elementor-element-8a795ab elementor-widget elementor-widget-text-editor\" data-id=\"8a795ab\" data-element_type=\"widget\" data-widget_type=\"text-editor.default\">\n\t\t\t\t\t\t\t\t\t<p>I cookie sono molto importanti per garantire un&#039;esperienza positiva ai visitatori del sito web. Puoi trovare maggiori informazioni sui cookie su\u00a0<a href=\"https:\/\/www.allaboutcookies.org\/\"><span style=\"text-decoration: underline\">https:\/\/www.allaboutcookies.org\/<\/span><\/a>.<\/p><p>Nei siti web sono presenti i seguenti tipi di cookie:<\/p><ul><li>Cookie temporanei o di sessione:<ul><li>vengono conservati per tutta la durata della sessione di navigazione e vengono cancellati al termine della sessione<\/li><li>sono necessari per il corretto funzionamento di determinate applicazioni o funzionalit\u00e0 sui siti web<\/li><\/ul><\/li><li>Cookie persistenti o memorizzati:<ul><li>vengono utilizzati per migliorare l&#039;esperienza dell&#039;utente<\/li><li>rimangono nel file cookie per un periodo di tempo pi\u00f9 lungo (a seconda della scelta effettuata dall&#039;utente nelle impostazioni del proprio browser internet)<\/li><\/ul><\/li><li>Cookie proprietari:<ul><li>Possono essere permanenti o temporanei. Questi cookie vengono utilizzati per memorizzare informazioni che il sito web riutilizzer\u00e0 alla successiva visita dell&#039;utente;<\/li><\/ul><\/li><li>Altri cookie:<ul><li>provengono da altri siti web partner (che misurano il traffico, ad esempio). Si tratta di raccogliere dati degli utenti da diversi siti web e utilizzarli per vari scopi, dalla pubblicit\u00e0 all&#039;analisi, fino al miglioramento dei prodotti.<\/li><\/ul><\/li><\/ul><p><br \/>Esiste inoltre la seguente suddivisione dei cookie:<\/p><ul><li>Cookie strettamente necessari:<ul><li>abilitare le funzioni di base (navigazione delle pagine, accesso alle aree protette, memorizzazione delle voci degli utenti nei moduli online, carrello della spesa)<\/li><li>vengono utilizzati per adattare le impostazioni alle preferenze dell&#039;utente (come vengono ordinati i risultati\/contenuti)<\/li><li>Senza questi cookie non \u00e8 possibile garantire il funzionamento tecnicamente impeccabile e fluido del sito web.<\/li><\/ul><\/li><li>Cookie statistici:<ul><li>Raccogliere informazioni su come vengono utilizzati i siti web. Lo scopo \u00e8 migliorarne l&#039;attrattiva, i contenuti e la funzionalit\u00e0. Questi cookie vengono utilizzati solo con il tuo consenso.<\/li><li>Si tratta di Google Analytics, uno strumento di analisi web (file di testo che vengono salvati sul computer del visitatore e consentono di analizzare l&#039;utilizzo del sito web. Viene utilizzato per valutare l&#039;utilizzo del sito web da parte del visitatore, compilare report sulle attivit\u00e0 del sito web e fornire altri servizi relativi all&#039;utilizzo dei siti web e di Internet.<\/li><li>L&#039;utente pu\u00f2 disattivare la memorizzazione dei cookie e la registrazione dei dati generati dai cookie e relativi all&#039;utilizzo del sito web utilizzando le impostazioni appropriate del proprio browser. Se questa opzione \u00e8 disattivata, il visitatore potrebbe non essere in grado di utilizzare tutte le funzionalit\u00e0 di questo sito web e le prestazioni del sito potrebbero essere compromesse. \u00c8 possibile modificare le impostazioni del browser:\u00a0<a href=\"https:\/\/adssettings.google.com\/\"><span style=\"text-decoration: underline\">https:\/\/adssettings.google.com\/<\/span>.<\/a><\/li><\/ul><\/li><\/ul><p><br \/>Per l&#039;installazione dei cookie \u00e8 necessario il consenso dell&#039;utente. Quando un sito web ha una relazione pi\u00f9 definita con l&#039;utente (account utente, registrazione, profilo), l&#039;ottenimento del consenso \u00e8 gi\u00e0 incluso nel processo di registrazione dell&#039;utente.<\/p>\t\t\t\t\t\t\t\t<\/div>\n\t\t\t\t\t<\/div>\n\t\t\t\t<\/div>\n\t\t\t\t<\/div>","protected":false},"excerpt":{"rendered":"<p>I cookie sono molto importanti per garantire un&#039;esperienza positiva ai visitatori del sito web. Ulteriori informazioni sui cookie sono disponibili all&#039;indirizzo https:\/\/www.allaboutcookies.org\/. Esistono i seguenti tipi di cookie sui siti web: Cookie temporanei o di sessione: vengono memorizzati per la durata della sessione di navigazione e vengono eliminati al termine della sessione; sono necessari per il corretto funzionamento di determinate applicazioni o funzionalit\u00e0 dei siti web. Permanenti [\u2026]<\/p>","protected":false},"author":1,"featured_media":0,"parent":0,"menu_order":0,"comment_status":"closed","ping_status":"closed","template":"","meta":{"_acf_changed":false,"inline_featured_image":false,"footnotes":""},"class_list":["post-1341","page","type-page","status-publish","hentry"],"acf":[],"_links":{"self":[{"href":"https:\/\/fizioterapija-izola.click.si\/it\/wp-json\/wp\/v2\/pages\/1341","targetHints":{"allow":["GET"]}}],"collection":[{"href":"https:\/\/fizioterapija-izola.click.si\/it\/wp-json\/wp\/v2\/pages"}],"about":[{"href":"https:\/\/fizioterapija-izola.click.si\/it\/wp-json\/wp\/v2\/types\/page"}],"author":[{"embeddable":true,"href":"https:\/\/fizioterapija-izola.click.si\/it\/wp-json\/wp\/v2\/users\/1"}],"replies":[{"embeddable":true,"href":"https:\/\/fizioterapija-izola.click.si\/it\/wp-json\/wp\/v2\/comments?post=1341"}],"version-history":[{"count":4,"href":"https:\/\/fizioterapija-izola.click.si\/it\/wp-json\/wp\/v2\/pages\/1341\/revisions"}],"predecessor-version":[{"id":1351,"href":"https:\/\/fizioterapija-izola.click.si\/it\/wp-json\/wp\/v2\/pages\/1341\/revisions\/1351"}],"wp:attachment":[{"href":"https:\/\/fizioterapija-izola.click.si\/it\/wp-json\/wp\/v2\/media?parent=1341"}],"curies":[{"name":"parola chiave","href":"https:\/\/api.w.org\/{rel}","templated":true}]}}