{"id":1335,"date":"2025-11-14T11:17:38","date_gmt":"2025-11-14T10:17:38","guid":{"rendered":"https:\/\/fizioterapija-izola.click.si\/?page_id=1335"},"modified":"2025-11-14T11:21:58","modified_gmt":"2025-11-14T10:21:58","slug":"pravno-obvestilo","status":"publish","type":"page","link":"https:\/\/fizioterapija-izola.click.si\/it\/pravno-obvestilo\/","title":{"rendered":"Avviso legale"},"content":{"rendered":"<div data-elementor-type=\"wp-page\" data-elementor-id=\"1335\" class=\"elementor elementor-1335\" data-elementor-post-type=\"page\">\n\t\t\t\t<div class=\"elementor-element elementor-element-36fc6c6 e-flex e-con-boxed e-con e-parent\" data-id=\"36fc6c6\" data-element_type=\"container\">\n\t\t\t\t\t<div class=\"e-con-inner\">\n\t\t\t\t<div class=\"elementor-element elementor-element-78df44b elementor-widget elementor-widget-text-editor\" data-id=\"78df44b\" data-element_type=\"widget\" data-widget_type=\"text-editor.default\">\n\t\t\t\t\t\t\t\t\t<p>Oggetto della presente informativa sono i siti web di\u00a0<span style=\"text-decoration: underline\"><a href=\"https:\/\/fizioterapija-izola.si\">https:\/\/fizioterapija-izola.si<\/a>.<\/span><\/p><p>Tutti i contenuti di questi siti web sono di propriet\u00e0 di FIZIO A doo (di seguito: FIZIO A) e hanno solo scopo informativo.\u00a0<\/p><p>Noi di FIZIO A abbiamo progettato il nostro sito web per fornire informazioni generali sull&#039;azienda e notizie dal mondo degli affari.<\/p><p>Accedendo a qualsiasi area del sito web FIZIO A, l&#039;utente accetta tutte le restrizioni e le condizioni qui indicate. Se non le accetta, l&#039;utente \u00e8 pregato di non accedere a queste pagine. Si consiglia di visitare il nostro sito e di consultare i termini di utilizzo vigenti, in quanto legalmente vincolanti.<\/p><p>Le informazioni ufficiali, legali e formali sulla societ\u00e0 e sulle sue attivit\u00e0 potrebbero differire dalle informazioni presenti sul sito web della societ\u00e0.<\/p><p>\u00a0<\/p><h4><strong>Limitazione di responsabilit\u00e0<\/strong><\/h4><p>FIZIO A far\u00e0 del suo meglio per fornire le informazioni pi\u00f9 accurate e aggiornate sulle sue pagine, ma avverte gli utenti del sito web che i testi hanno natura informativa, pertanto non garantisce e non si assume alcuna responsabilit\u00e0 per la loro accuratezza e completezza. Tutti i visitatori utilizzano i contenuti pubblicati a proprio rischio e pericolo. FIZIO A si riserva il diritto di modificare, aggiungere o rimuovere i contenuti di questi siti web in qualsiasi momento, senza preavviso.<\/p><p>N\u00e9 FIZIO A n\u00e9 alcuna altra persona fisica o giuridica che abbia partecipato alla creazione e alla produzione di questi siti web \u00e8 responsabile del malfunzionamento occasionale del sito web, di eventuali inesattezze delle informazioni, n\u00e9 di eventuali danni derivanti dall&#039;uso di informazioni inesatte o incomplete, e pertanto non \u00e8 responsabile di eventuali danni o inconvenienti derivanti dall&#039;esistenza dei siti web, dall&#039;accesso e\/o dall&#039;uso e\/o dall&#039;impossibilit\u00e0 di utilizzare le informazioni su questi siti web e\/o da eventuali errori o carenze nel loro contenuto, indipendentemente dal fatto che siano stati informati della possibilit\u00e0 di tali danni.<\/p><p>Il sito web FIZIO A contiene anche link ad altri siti web, riferimenti e partner che non sono in alcun modo affiliati a FIZIO A. FIZIO A non pu\u00f2 garantire, n\u00e9 riceve o inoltra reclami in merito all&#039;accuratezza del contenuto di qualsiasi sito web a cui fornisce un collegamento o un riferimento, e non si assume alcuna responsabilit\u00e0 per la protezione dei dati su tali siti web.<\/p><h4>\u00a0<\/h4><h4><strong>Copyright<\/strong><\/h4><p>Tutte le informazioni e le immagini pubblicate sul sito web (testi, fotografie, schizzi, mappe e planimetrie, programmi per computer) sono protette dal diritto d&#039;autore ai sensi della Legge sul diritto d&#039;autore e sui diritti connessi (Gazzetta Ufficiale della Repubblica di Slovenia, n. 21\/1995 e successive modifiche). Possono essere utilizzate esclusivamente per scopi didattici e non commerciali, a condizione che vengano mantenute tutte le avvertenze sul diritto d&#039;autore o altri diritti e che non possano essere copiate, riprodotte o altrimenti distribuite a fini commerciali. FIZIO A deve essere citata come fonte in ogni riproduzione (copia, riproduzione, pubblicazione, trasferimento).<\/p><p>FIZIO A si riserva il diritto di modificare, aggiungere o rimuovere, in tutto o in parte, qualsiasi contenuto pubblicato su questo sito web in qualsiasi momento e in qualsiasi modo, per qualsiasi motivo e senza preavviso. Tutti gli utenti utilizzano tutti i contenuti pubblicati a proprio rischio e pericolo.<\/p><h4>\u00a0<\/h4><h4><strong>Tutela della privacy<\/strong><\/h4><p>FIZIO A si impegna a proteggere la riservatezza dei dati personali degli utenti del sito web. Utilizzeremo i dati raccolti esclusivamente per migliorare l&#039;utilizzo del sito web e per le finalit\u00e0 per cui gli utenti del sito web li forniscono. Non utilizzeremo i dati personali e le informazioni di contatto per altri scopi e non li divulgheremo a terzi senza l&#039;esplicita autorizzazione dell&#039;utente del sito web. Faremo tutto il possibile per proteggere i vostri dati personali da eventuali violazioni e abusi.<\/p>\t\t\t\t\t\t\t\t<\/div>\n\t\t\t\t\t<\/div>\n\t\t\t\t<\/div>\n\t\t\t\t<\/div>","protected":false},"excerpt":{"rendered":"<p>L&#039;oggetto della presente informativa \u00e8 il sito web https:\/\/fizioterapija-izola.si. Tutti i contenuti di questi siti web sono di propriet\u00e0 della societ\u00e0 FIZIO A doo (di seguito: FIZIO A) e hanno solo scopo informativo. FIZIO A ha progettato il proprio sito web per fornire informazioni generali sull&#039;azienda e notizie dal mondo degli affari. L&#039;accesso a qualsiasi area del sito web [\u2026]<\/p>","protected":false},"author":1,"featured_media":0,"parent":0,"menu_order":0,"comment_status":"closed","ping_status":"closed","template":"","meta":{"_acf_changed":false,"inline_featured_image":false,"footnotes":""},"class_list":["post-1335","page","type-page","status-publish","hentry"],"acf":[],"_links":{"self":[{"href":"https:\/\/fizioterapija-izola.click.si\/it\/wp-json\/wp\/v2\/pages\/1335","targetHints":{"allow":["GET"]}}],"collection":[{"href":"https:\/\/fizioterapija-izola.click.si\/it\/wp-json\/wp\/v2\/pages"}],"about":[{"href":"https:\/\/fizioterapija-izola.click.si\/it\/wp-json\/wp\/v2\/types\/page"}],"author":[{"embeddable":true,"href":"https:\/\/fizioterapija-izola.click.si\/it\/wp-json\/wp\/v2\/users\/1"}],"replies":[{"embeddable":true,"href":"https:\/\/fizioterapija-izola.click.si\/it\/wp-json\/wp\/v2\/comments?post=1335"}],"version-history":[{"count":4,"href":"https:\/\/fizioterapija-izola.click.si\/it\/wp-json\/wp\/v2\/pages\/1335\/revisions"}],"predecessor-version":[{"id":1339,"href":"https:\/\/fizioterapija-izola.click.si\/it\/wp-json\/wp\/v2\/pages\/1335\/revisions\/1339"}],"wp:attachment":[{"href":"https:\/\/fizioterapija-izola.click.si\/it\/wp-json\/wp\/v2\/media?parent=1335"}],"curies":[{"name":"parola chiave","href":"https:\/\/api.w.org\/{rel}","templated":true}]}}