{"id":167,"date":"2025-10-01T11:29:32","date_gmt":"2025-10-01T09:29:32","guid":{"rendered":"https:\/\/fizioterapija-izola.click.si\/?page_id=167"},"modified":"2025-11-14T14:14:34","modified_gmt":"2025-11-14T13:14:34","slug":"kontakt","status":"publish","type":"page","link":"https:\/\/fizioterapija-izola.click.si\/en\/kontakt\/","title":{"rendered":"Contact"},"content":{"rendered":"<div data-elementor-type=\"wp-page\" data-elementor-id=\"167\" class=\"elementor elementor-167\" data-elementor-post-type=\"page\">\n\t\t\t\t<div class=\"elementor-element elementor-element-75fd924 e-flex e-con-boxed e-con e-child\" data-id=\"75fd924\" data-element_type=\"container\">\n\t\t\t\t\t<div class=\"e-con-inner\">\n\t\t<div class=\"elementor-element elementor-element-2891265 e-con-full e-flex e-con e-child\" data-id=\"2891265\" data-element_type=\"container\">\n\t\t\t\t<div class=\"elementor-element elementor-element-0fc1dd3 shine elementor-widget elementor-widget-heading\" data-id=\"0fc1dd3\" data-element_type=\"widget\" data-widget_type=\"heading.default\">\n\t\t\t\t\t<h1 class=\"elementor-heading-title elementor-size-default\">Ordering and contacts<\/h1>\t\t\t\t<\/div>\n\t\t\t\t<div class=\"elementor-element elementor-element-60b59ee elementor-widget elementor-widget-heading\" data-id=\"60b59ee\" data-element_type=\"widget\" data-widget_type=\"heading.default\">\n\t\t\t\t\t<h4 class=\"elementor-heading-title elementor-size-default\">FIZIO A doo.<\/h4>\t\t\t\t<\/div>\n\t\t\t\t<div class=\"elementor-element elementor-element-48a005d elementor-widget elementor-widget-text-editor\" data-id=\"48a005d\" data-element_type=\"widget\" data-widget_type=\"text-editor.default\">\n\t\t\t\t\t\t\t\t\t<div class=\"row b-attr-group\"><div><p>Kajuhova Street 38, 6310 Izola<\/p><p><strong>Contact person:\u00a0<\/strong>Ana Vanic, Sanja Hadzalic<\/p><p><strong>Email: <\/strong><span style=\"text-decoration: underline\"><a class=\"theme\" href=\"mailto:info@fizioterapija-izola.si\" target=\"_blank\" rel=\"noopener noreferrer\">info@fizioterapija-izola.si<\/a><\/span><br \/><strong>Phone:<\/strong> <a href=\"tel:+386 40 731 313\"><span style=\"text-decoration: underline\">+386 40 731 313<\/span><\/a> or <span style=\"text-decoration: underline\"><a href=\"tel:+386 5 641 54 69\">+386 5 641 54 69<\/a><\/span>. <br \/><em>We are available every day from Monday to Friday from 9:00 to 13:00<\/em><\/p><\/div><div class=\"col-6 b-attr-name\"><strong>Tax number:<\/strong> 23198397<span class=\"i-drugo-copy text-blue float-right\" title=\"Copy data.\" data-toggle=\"tooltip\" data-placement=\"top\">\u00a0<\/span><\/div><\/div><div class=\"row b-attr-group\"><div id=\"testSpanMaticna\" class=\"col-6 b-attr-name\"><strong>Registration number:<\/strong> 9872701000<\/div><\/div>\t\t\t\t\t\t\t\t<\/div>\n\t\t\t\t<\/div>\n\t\t<div class=\"elementor-element elementor-element-3e08fe6 e-con-full e-flex e-con e-child\" data-id=\"3e08fe6\" data-element_type=\"container\">\n\t\t\t\t<div class=\"elementor-element elementor-element-38117ae elementor-widget elementor-widget-image\" data-id=\"38117ae\" data-element_type=\"widget\" data-widget_type=\"image.default\">\n\t\t\t\t\t\t\t\t\t\t\t\t\t\t\t<img fetchpriority=\"high\" decoding=\"async\" width=\"800\" height=\"533\" src=\"https:\/\/fizioterapija-izola.click.si\/wp-content\/uploads\/2025\/11\/fiziatrija-ordinacija-1024x682.jpg\" class=\"attachment-large size-large wp-image-1145\" alt=\"\" srcset=\"https:\/\/fizioterapija-izola.click.si\/wp-content\/uploads\/2025\/11\/fiziatrija-ordinacija-1024x682.jpg 1024w, https:\/\/fizioterapija-izola.click.si\/wp-content\/uploads\/2025\/11\/fiziatrija-ordinacija-300x200.jpg 300w, https:\/\/fizioterapija-izola.click.si\/wp-content\/uploads\/2025\/11\/fiziatrija-ordinacija-768x512.jpg 768w, https:\/\/fizioterapija-izola.click.si\/wp-content\/uploads\/2025\/11\/fiziatrija-ordinacija-600x400.jpg 600w, https:\/\/fizioterapija-izola.click.si\/wp-content\/uploads\/2025\/11\/fiziatrija-ordinacija.jpg 1181w\" sizes=\"(max-width: 800px) 100vw, 800px\" \/>\t\t\t\t\t\t\t\t\t\t\t\t\t\t\t<\/div>\n\t\t\t\t<\/div>\n\t\t\t\t\t<\/div>\n\t\t\t\t<\/div>\n\t\t<div class=\"elementor-element elementor-element-44e3a32 e-flex e-con-boxed e-con e-parent\" data-id=\"44e3a32\" data-element_type=\"container\">\n\t\t\t\t\t<div class=\"e-con-inner\">\n\t\t\t\t<div class=\"elementor-element elementor-element-12b2470 elementor-widget elementor-widget-premium-addon-maps\" data-id=\"12b2470\" data-element_type=\"widget\" data-widget_type=\"premium-addon-maps.default\">\n\t\t\t\t\t\n\t<div class=\"premium-maps-container\" id=\"premium-maps-container\">\n\n\t\t\n\t\t\t<div class=\"premium_maps_map_height premium-addons__v-hidden\" data-settings=\"{&quot;mapId&quot;:&quot;&quot;,&quot;maptype&quot;:&quot;roadmap&quot;,&quot;streetViewControl&quot;:false,&quot;centerlat&quot;:&quot;45.5288526&quot;,&quot;centerlong&quot;:&quot;13.6687824&quot;,&quot;scrollwheel&quot;:false,&quot;fullScreen&quot;:false,&quot;zoomControl&quot;:false,&quot;typeControl&quot;:false,&quot;automaticOpen&quot;:false,&quot;hoverOpen&quot;:false,&quot;hoverClose&quot;:false,&quot;cluster&quot;:false,&quot;cluster_icon&quot;:&quot;&quot;,&quot;cluster_icon_size&quot;:&quot;&quot;,&quot;drag&quot;:&quot;&quot;,&quot;loadScroll&quot;:&quot;&quot;,&quot;linkedCarouselId&quot;:&quot;&quot;}\" data-style=\"\">\n\t\t\t\t\n\t\t\t<div class=\"premium-pin elementor-invisible\" data-lng=\"13.6687824\" data-lat=\"45.5288526\" data-icon=\"\" data-icon-size=\"\" data-max-width=\"1000\" data-activated=\"\">\n\t\t\t\t\t\t\t\t\t<div class='premium-maps-info-container'>\n\n\t\t\t\t\t\t<div class='premium-maps-title-wrap'>\n\t\t\t\t\t\t\t<p class='premium-maps-info-title'>PHYSIO A<\/p>\n\t\t\t\t\t\t<\/div>\n\n\t\t\t\t\t\t<div class='premium-maps-info-desc'>\n\t\t\t\t\t\t\t<p><a href=\"https:\/\/www.google.com\/maps\/place\/Kajuhova+ulica+38,+6310+Izola\/@45.5288526,13.6662075,17z\/data=!3m1!4b1!4m6!3m5!1s0x477b65ed13b64135:0x6f11e1c597d26cbc!8m2!3d45.5288526!4d13.6687824!16s%2Fg%2F11c1jkn4w_?entry=ttu&amp;g_ep=EgoyMDI1MTEwOS4wIKXMDSoASAFQAw%3D%3D\">Open with Google Maps<\/a><\/p>\t\t\t\t\t\t<\/div>\n\n\t\t\t\t\t<\/div>\n\t\t\t\t\t\t\t<\/div>\n\n\t\t\n\t\t\t\t\t\n\t\t\t<\/div>\n\n\t\t\n\t<\/div>\n\n\t\t\t\t\t\t<\/div>\n\t\t\t\t\t<\/div>\n\t\t\t\t<\/div>\n\t\t\t\t<\/div>","protected":false},"excerpt":{"rendered":"<p>Ordering and contacts FIZIO A doo Kajuhova ulica 38, 6310 Izola Contact person: Ana Vani\u010d, Sanja Had\u017eali\u0107 E-mail: info@fizioterapija-izola.siPhone: +386 40 731 313 or +386 5 641 54 69. We are available every day from Monday to Friday from 9:00 to 13:00 Tax number: 23198397 Registration number: 9872701000 FIZIO A Open with Google Maps<\/p>","protected":false},"author":1,"featured_media":0,"parent":0,"menu_order":0,"comment_status":"closed","ping_status":"closed","template":"","meta":{"_acf_changed":false,"inline_featured_image":false,"footnotes":""},"class_list":["post-167","page","type-page","status-publish","hentry"],"acf":[],"_links":{"self":[{"href":"https:\/\/fizioterapija-izola.click.si\/en\/wp-json\/wp\/v2\/pages\/167","targetHints":{"allow":["GET"]}}],"collection":[{"href":"https:\/\/fizioterapija-izola.click.si\/en\/wp-json\/wp\/v2\/pages"}],"about":[{"href":"https:\/\/fizioterapija-izola.click.si\/en\/wp-json\/wp\/v2\/types\/page"}],"author":[{"embeddable":true,"href":"https:\/\/fizioterapija-izola.click.si\/en\/wp-json\/wp\/v2\/users\/1"}],"replies":[{"embeddable":true,"href":"https:\/\/fizioterapija-izola.click.si\/en\/wp-json\/wp\/v2\/comments?post=167"}],"version-history":[{"count":49,"href":"https:\/\/fizioterapija-izola.click.si\/en\/wp-json\/wp\/v2\/pages\/167\/revisions"}],"predecessor-version":[{"id":1459,"href":"https:\/\/fizioterapija-izola.click.si\/en\/wp-json\/wp\/v2\/pages\/167\/revisions\/1459"}],"wp:attachment":[{"href":"https:\/\/fizioterapija-izola.click.si\/en\/wp-json\/wp\/v2\/media?parent=167"}],"curies":[{"name":"wp","href":"https:\/\/api.w.org\/{rel}","templated":true}]}}